{"id":261,"date":"2025-04-01T15:42:03","date_gmt":"2025-04-01T15:42:03","guid":{"rendered":"https:\/\/www.rosentalfestival.com\/?page_id=261"},"modified":"2026-03-19T06:48:40","modified_gmt":"2026-03-19T06:48:40","slug":"startseite","status":"publish","type":"page","link":"https:\/\/www.rosentalfestival.com\/sl\/","title":{"rendered":"Startseite"},"content":{"rendered":"<div class=\"wpb-content-wrapper\"><p>[vc_row disable_element=&#8221;yes&#8221; css=&#8221;.vc_custom_1773734841248{background-color: #F2E519 !important;}&#8221; el_id=&#8221;spielplan&#8221;][vc_column]<div class=\"rosental_headline\"><h2>Spored<\/h2><\/div>[vc_empty_space]<div class=\"events_flexbox\"><\/div>[vc_empty_space][\/vc_column][\/vc_row][vc_row disable_element=&#8221;yes&#8221; el_id=&#8221;spielorte&#8221;][vc_column]<div class=\"rosental_headline\"><h2>Kraji uprizoritev<\/h2><\/div>[vc_empty_space][vc_column_text css=&#8221;&#8221;]<\/p>\n<h4 style=\"text-align: center;\">Festival Rosental\/Ro\u017e razkriva svojo magijo na izjemnih lokacijah, ki odra\u017eajo posebno lepoto te edinstvene regije. Od zgodovinskih stavb, kot sta grad Ro\u017eek in grad Humberk, do idili\u010dnega jezera Re\u00dfnigteich, \u010dustvenega centra Einspieler v Sve\u010dah in kulturnega centra Feistritz im Rosental\/Bistrica v Ro\u017eu \u2013 vsaka lokacija postane oder za nepozabna do\u017eivetja. Grad Ebenau in zgodovinsko gledali\u0161\u010de Cingelc naTrati prav tako vzbujata enkratno mo\u010dno vzdu\u0161je, ki na poseben na\u010din povezuje kulturo in regijo. S povezovanjem teh izjemnih prizori\u0161\u010d z umetniki preko meja postane Festival <em>Rosental\/Ro\u017e<\/em> kulturni vrhunec v raznoliko bogati regiji.<\/h4>\n<p>[\/vc_column_text][\/vc_column][\/vc_row][vc_row full_width=&#8221;stretch_row_content_no_spaces&#8221; content_placement=&#8221;middle&#8221; disable_element=&#8221;yes&#8221; css=&#8221;.vc_custom_1773734828728{background-color: #F2E519 !important;}&#8221;][vc_column][vc_column_text css=&#8221;&#8221;]<div id=\"mapsvg-3\" data-id=\"3\" class=\"mapsvg\" data-autoload=\"true\" data-load-db=\"true\" data-loading-text=\"Die Karte wird geladen.\" style=\"width: 100%; height: 0; padding-bottom: 50%\"><\/div>[\/vc_column_text][\/vc_column][\/vc_row][vc_row disable_element=&#8221;yes&#8221;][vc_column]<div class=\"rosental_headline\"><h2>Tickets<\/h2><div class=\"headline_sub\"><p>Vstopnice so na voljo na <a href=\"https:\/\/www.oeticket.com\/artist\/rosental-festival\/\">oeticket.com<\/a>, po telefonu na <a href=\"tel:09009496096\">0900 94 96 096<\/a> in na vseh prodajnih mestih OETICKET.<\/p>\n<\/div><\/div>[\/vc_column][\/vc_row][vc_row content_placement=&#8221;middle&#8221; disable_element=&#8221;yes&#8221;][vc_column width=&#8221;1\/5&#8243;][vc_column_text css=&#8221;&#8221;][\/vc_column_text][\/vc_column][vc_column width=&#8221;1\/5&#8243;][\/vc_column][vc_column width=&#8221;1\/5&#8243; css=&#8221;.vc_custom_1749536486172{padding-right: 40px !important;padding-left: 40px !important;}&#8221;][vc_single_image image=&#8221;231&#8243; img_size=&#8221;medium&#8221; alignment=&#8221;center&#8221; onclick=&#8221;custom_link&#8221; img_link_target=&#8221;_blank&#8221; css_animation=&#8221;fadeIn&#8221; css=&#8221;&#8221; image_hovers=&#8221;false&#8221; link=&#8221;https:\/\/www.oeticket.com\/artist\/rosental-festival\/&#8221;][vc_empty_space][\/vc_column][vc_column width=&#8221;1\/5&#8243;][\/vc_column][vc_column width=&#8221;1\/5&#8243;][\/vc_column][\/vc_row][vc_row][vc_column][vc_empty_space][vc_separator color=&#8221;white&#8221; border_width=&#8221;5&#8243; css=&#8221;&#8221;][\/vc_column][\/vc_row][vc_row][vc_column][vc_column_text css=&#8221;&#8221;]<\/p>\n<h3 style=\"text-align: center;\">Sponzorji in partnerji<\/h3>\n<p>[\/vc_column_text][\/vc_column][\/vc_row][vc_row disable_element=&#8221;yes&#8221;][vc_column width=&#8221;1\/6&#8243; offset=&#8221;vc_col-lg-2 vc_col-md-2 vc_col-xs-4&#8243;][vc_single_image image=&#8221;250&#8243; alignment=&#8221;center&#8221; css=&#8221;&#8221;][vc_single_image image=&#8221;260&#8243; alignment=&#8221;center&#8221; css=&#8221;&#8221;][\/vc_column][vc_column width=&#8221;1\/6&#8243; offset=&#8221;vc_col-lg-2 vc_col-md-2 vc_col-xs-4&#8243;][vc_single_image image=&#8221;251&#8243; alignment=&#8221;center&#8221; css=&#8221;&#8221;][vc_single_image image=&#8221;258&#8243; alignment=&#8221;center&#8221; css=&#8221;&#8221;][\/vc_column][vc_column width=&#8221;1\/6&#8243; offset=&#8221;vc_col-lg-2 vc_col-md-2 vc_col-xs-4&#8243;][vc_single_image image=&#8221;252&#8243; alignment=&#8221;center&#8221; css=&#8221;&#8221;][vc_single_image image=&#8221;259&#8243; alignment=&#8221;center&#8221; css=&#8221;&#8221;][\/vc_column][vc_column width=&#8221;1\/6&#8243; offset=&#8221;vc_col-lg-2 vc_col-md-2 vc_col-xs-4&#8243;][vc_single_image image=&#8221;253&#8243; alignment=&#8221;center&#8221; css=&#8221;&#8221;][vc_single_image image=&#8221;256&#8243; alignment=&#8221;center&#8221; css=&#8221;&#8221;][\/vc_column][vc_column width=&#8221;1\/6&#8243; offset=&#8221;vc_col-lg-2 vc_col-md-2 vc_col-xs-4&#8243;][vc_single_image image=&#8221;254&#8243; alignment=&#8221;center&#8221; css=&#8221;&#8221;][vc_single_image image=&#8221;257&#8243; alignment=&#8221;center&#8221; css=&#8221;&#8221;][\/vc_column][vc_column width=&#8221;1\/6&#8243; offset=&#8221;vc_col-xs-4&#8243;][vc_single_image image=&#8221;255&#8243; alignment=&#8221;center&#8221; css=&#8221;&#8221;][\/vc_column][\/vc_row][vc_row][vc_column][vc_single_image image=&#8221;230&#8243; img_size=&#8221;large&#8221; alignment=&#8221;center&#8221; style=&#8221;vc_box_shadow&#8221; css=&#8221;&#8221;][\/vc_column][\/vc_row]<\/p>\n<\/div>","protected":false},"excerpt":{"rendered":"<p>[vc_row disable_element=&#8221;yes&#8221; css=&#8221;.vc_custom_1773734841248{background-color: #F2E519 !important;}&#8221; el_id=&#8221;spielplan&#8221;][vc_column][vc_empty_space][vc_empty_space][\/vc_column][\/vc_row][vc_row disable_element=&#8221;yes&#8221; el_id=&#8221;spielorte&#8221;][vc_column][vc_empty_space][vc_column_text css=&#8221;&#8221;] Festival Rosental\/Ro\u017e razkriva svojo magijo na izjemnih lokacijah, ki odra\u017eajo posebno lepoto te edinstvene regije. Od zgodovinskih stavb, kot sta grad Ro\u017eek in grad Humberk, do idili\u010dnega jezera Re\u00dfnigteich, \u010dustvenega centra Einspieler v Sve\u010dah in kulturnega centra Feistritz im Rosental\/Bistrica v Ro\u017eu \u2013 vsaka lokacija postane&hellip;<\/p>\n","protected":false},"author":1,"featured_media":0,"parent":0,"menu_order":0,"comment_status":"closed","ping_status":"closed","template":"","meta":{"_acf_changed":false,"inline_featured_image":false,"footnotes":""},"class_list":["post-261","page","type-page","status-publish","hentry","description-off"],"acf":[],"yoast_head":"<!-- This site is optimized with the Yoast SEO plugin v27.3 - https:\/\/yoast.com\/product\/yoast-seo-wordpress\/ -->\n<title>Startseite | Rosental \/ Ro\u017e Festival<\/title>\n<meta name=\"robots\" content=\"index, follow, max-snippet:-1, max-image-preview:large, max-video-preview:-1\" \/>\n<link rel=\"canonical\" href=\"https:\/\/www.rosentalfestival.com\/sl\/\" \/>\n<meta property=\"og:locale\" content=\"sl_SI\" \/>\n<meta property=\"og:type\" content=\"article\" \/>\n<meta property=\"og:title\" content=\"Startseite | Rosental \/ Ro\u017e Festival\" \/>\n<meta property=\"og:description\" content=\"[vc_row disable_element=&#8221;yes&#8221; css=&#8221;.vc_custom_1773734841248{background-color: #F2E519 !important;}&#8221; el_id=&#8221;spielplan&#8221;][vc_column][vc_empty_space][vc_empty_space][\/vc_column][\/vc_row][vc_row disable_element=&#8221;yes&#8221; el_id=&#8221;spielorte&#8221;][vc_column][vc_empty_space][vc_column_text css=&#8221;&#8221;] Festival Rosental\/Ro\u017e razkriva svojo magijo na izjemnih lokacijah, ki odra\u017eajo posebno lepoto te edinstvene regije. Od zgodovinskih stavb, kot sta grad Ro\u017eek in grad Humberk, do idili\u010dnega jezera Re\u00dfnigteich, \u010dustvenega centra Einspieler v Sve\u010dah in kulturnega centra Feistritz im Rosental\/Bistrica v Ro\u017eu \u2013 vsaka lokacija postane&hellip;\" \/>\n<meta property=\"og:url\" content=\"https:\/\/www.rosentalfestival.com\/sl\/\" \/>\n<meta property=\"og:site_name\" content=\"Rosental \/ Ro\u017e Festival\" \/>\n<meta property=\"article:modified_time\" content=\"2026-03-19T06:48:40+00:00\" \/>\n<meta property=\"og:image\" content=\"https:\/\/www.rosentalfestival.com\/wp-content\/uploads\/2025\/04\/rf-dummy.jpg\" \/>\n\t<meta property=\"og:image:width\" content=\"1280\" \/>\n\t<meta property=\"og:image:height\" content=\"720\" \/>\n\t<meta property=\"og:image:type\" content=\"image\/jpeg\" \/>\n<meta name=\"twitter:card\" content=\"summary_large_image\" \/>\n<meta name=\"twitter:label1\" content=\"Est. reading time\" \/>\n\t<meta name=\"twitter:data1\" content=\"4 minute\" \/>\n<script type=\"application\/ld+json\" class=\"yoast-schema-graph\">{\"@context\":\"https:\\\/\\\/schema.org\",\"@graph\":[{\"@type\":\"WebPage\",\"@id\":\"https:\\\/\\\/www.rosentalfestival.com\\\/sl\\\/\",\"url\":\"https:\\\/\\\/www.rosentalfestival.com\\\/sl\\\/\",\"name\":\"Startseite | Rosental \\\/ Ro\u017e Festival\",\"isPartOf\":{\"@id\":\"https:\\\/\\\/www.rosentalfestival.com\\\/sl\\\/#website\"},\"datePublished\":\"2025-04-01T15:42:03+00:00\",\"dateModified\":\"2026-03-19T06:48:40+00:00\",\"breadcrumb\":{\"@id\":\"https:\\\/\\\/www.rosentalfestival.com\\\/sl\\\/#breadcrumb\"},\"inLanguage\":\"sl-SI\",\"potentialAction\":[{\"@type\":\"ReadAction\",\"target\":[\"https:\\\/\\\/www.rosentalfestival.com\\\/sl\\\/\"]}]},{\"@type\":\"BreadcrumbList\",\"@id\":\"https:\\\/\\\/www.rosentalfestival.com\\\/sl\\\/#breadcrumb\",\"itemListElement\":[{\"@type\":\"ListItem\",\"position\":1,\"name\":\"Startseite\",\"item\":\"https:\\\/\\\/www.rosentalfestival.com\\\/sl\\\/\"},{\"@type\":\"ListItem\",\"position\":2,\"name\":\"Startseite\"}]},{\"@type\":\"WebSite\",\"@id\":\"https:\\\/\\\/www.rosentalfestival.com\\\/sl\\\/#website\",\"url\":\"https:\\\/\\\/www.rosentalfestival.com\\\/sl\\\/\",\"name\":\"ROSENTAL\\\/Ro\u017e FESTIVAL\",\"description\":\"Das Rosental \\\/ Ro\u017e Festival entfaltet seine Magie an au\u00dfergew\u00f6hnlichen Schaupl\u00e4tzen, die die besondere Sch\u00f6nheit dieser einzigartigen Region widerspiegeln.\",\"publisher\":{\"@id\":\"https:\\\/\\\/www.rosentalfestival.com\\\/sl\\\/#organization\"},\"potentialAction\":[{\"@type\":\"SearchAction\",\"target\":{\"@type\":\"EntryPoint\",\"urlTemplate\":\"https:\\\/\\\/www.rosentalfestival.com\\\/sl\\\/?s={search_term_string}\"},\"query-input\":{\"@type\":\"PropertyValueSpecification\",\"valueRequired\":true,\"valueName\":\"search_term_string\"}}],\"inLanguage\":\"sl-SI\"},{\"@type\":\"Organization\",\"@id\":\"https:\\\/\\\/www.rosentalfestival.com\\\/sl\\\/#organization\",\"name\":\"Kulturverein FLYING OPERA\",\"url\":\"https:\\\/\\\/www.rosentalfestival.com\\\/sl\\\/\",\"logo\":{\"@type\":\"ImageObject\",\"inLanguage\":\"sl-SI\",\"@id\":\"https:\\\/\\\/www.rosentalfestival.com\\\/sl\\\/#\\\/schema\\\/logo\\\/image\\\/\",\"url\":\"https:\\\/\\\/www.rosentalfestival.com\\\/wp-content\\\/uploads\\\/2025\\\/04\\\/Logo-FlyingOpera.svg\",\"contentUrl\":\"https:\\\/\\\/www.rosentalfestival.com\\\/wp-content\\\/uploads\\\/2025\\\/04\\\/Logo-FlyingOpera.svg\",\"width\":\"1024\",\"height\":\"1024\",\"caption\":\"Kulturverein FLYING OPERA\"},\"image\":{\"@id\":\"https:\\\/\\\/www.rosentalfestival.com\\\/sl\\\/#\\\/schema\\\/logo\\\/image\\\/\"}}]}<\/script>\n<!-- \/ Yoast SEO plugin. -->","yoast_head_json":{"title":"Startseite | Rosental \/ Ro\u017e Festival","robots":{"index":"index","follow":"follow","max-snippet":"max-snippet:-1","max-image-preview":"max-image-preview:large","max-video-preview":"max-video-preview:-1"},"canonical":"https:\/\/www.rosentalfestival.com\/sl\/","og_locale":"sl_SI","og_type":"article","og_title":"Startseite | Rosental \/ Ro\u017e Festival","og_description":"[vc_row disable_element=&#8221;yes&#8221; css=&#8221;.vc_custom_1773734841248{background-color: #F2E519 !important;}&#8221; el_id=&#8221;spielplan&#8221;][vc_column][vc_empty_space][vc_empty_space][\/vc_column][\/vc_row][vc_row disable_element=&#8221;yes&#8221; el_id=&#8221;spielorte&#8221;][vc_column][vc_empty_space][vc_column_text css=&#8221;&#8221;] Festival Rosental\/Ro\u017e razkriva svojo magijo na izjemnih lokacijah, ki odra\u017eajo posebno lepoto te edinstvene regije. Od zgodovinskih stavb, kot sta grad Ro\u017eek in grad Humberk, do idili\u010dnega jezera Re\u00dfnigteich, \u010dustvenega centra Einspieler v Sve\u010dah in kulturnega centra Feistritz im Rosental\/Bistrica v Ro\u017eu \u2013 vsaka lokacija postane&hellip;","og_url":"https:\/\/www.rosentalfestival.com\/sl\/","og_site_name":"Rosental \/ Ro\u017e Festival","article_modified_time":"2026-03-19T06:48:40+00:00","og_image":[{"width":1280,"height":720,"url":"https:\/\/www.rosentalfestival.com\/wp-content\/uploads\/2025\/04\/rf-dummy.jpg","type":"image\/jpeg"}],"twitter_card":"summary_large_image","twitter_misc":{"Est. reading time":"4 minute"},"schema":{"@context":"https:\/\/schema.org","@graph":[{"@type":"WebPage","@id":"https:\/\/www.rosentalfestival.com\/sl\/","url":"https:\/\/www.rosentalfestival.com\/sl\/","name":"Startseite | Rosental \/ Ro\u017e Festival","isPartOf":{"@id":"https:\/\/www.rosentalfestival.com\/sl\/#website"},"datePublished":"2025-04-01T15:42:03+00:00","dateModified":"2026-03-19T06:48:40+00:00","breadcrumb":{"@id":"https:\/\/www.rosentalfestival.com\/sl\/#breadcrumb"},"inLanguage":"sl-SI","potentialAction":[{"@type":"ReadAction","target":["https:\/\/www.rosentalfestival.com\/sl\/"]}]},{"@type":"BreadcrumbList","@id":"https:\/\/www.rosentalfestival.com\/sl\/#breadcrumb","itemListElement":[{"@type":"ListItem","position":1,"name":"Startseite","item":"https:\/\/www.rosentalfestival.com\/sl\/"},{"@type":"ListItem","position":2,"name":"Startseite"}]},{"@type":"WebSite","@id":"https:\/\/www.rosentalfestival.com\/sl\/#website","url":"https:\/\/www.rosentalfestival.com\/sl\/","name":"ROSENTAL\/Ro\u017e FESTIVAL","description":"Das Rosental \/ Ro\u017e Festival entfaltet seine Magie an au\u00dfergew\u00f6hnlichen Schaupl\u00e4tzen, die die besondere Sch\u00f6nheit dieser einzigartigen Region widerspiegeln.","publisher":{"@id":"https:\/\/www.rosentalfestival.com\/sl\/#organization"},"potentialAction":[{"@type":"SearchAction","target":{"@type":"EntryPoint","urlTemplate":"https:\/\/www.rosentalfestival.com\/sl\/?s={search_term_string}"},"query-input":{"@type":"PropertyValueSpecification","valueRequired":true,"valueName":"search_term_string"}}],"inLanguage":"sl-SI"},{"@type":"Organization","@id":"https:\/\/www.rosentalfestival.com\/sl\/#organization","name":"Kulturverein FLYING OPERA","url":"https:\/\/www.rosentalfestival.com\/sl\/","logo":{"@type":"ImageObject","inLanguage":"sl-SI","@id":"https:\/\/www.rosentalfestival.com\/sl\/#\/schema\/logo\/image\/","url":"https:\/\/www.rosentalfestival.com\/wp-content\/uploads\/2025\/04\/Logo-FlyingOpera.svg","contentUrl":"https:\/\/www.rosentalfestival.com\/wp-content\/uploads\/2025\/04\/Logo-FlyingOpera.svg","width":"1024","height":"1024","caption":"Kulturverein FLYING OPERA"},"image":{"@id":"https:\/\/www.rosentalfestival.com\/sl\/#\/schema\/logo\/image\/"}}]}},"_links":{"self":[{"href":"https:\/\/www.rosentalfestival.com\/sl\/wp-json\/wp\/v2\/pages\/261","targetHints":{"allow":["GET"]}}],"collection":[{"href":"https:\/\/www.rosentalfestival.com\/sl\/wp-json\/wp\/v2\/pages"}],"about":[{"href":"https:\/\/www.rosentalfestival.com\/sl\/wp-json\/wp\/v2\/types\/page"}],"author":[{"embeddable":true,"href":"https:\/\/www.rosentalfestival.com\/sl\/wp-json\/wp\/v2\/users\/1"}],"replies":[{"embeddable":true,"href":"https:\/\/www.rosentalfestival.com\/sl\/wp-json\/wp\/v2\/comments?post=261"}],"version-history":[{"count":7,"href":"https:\/\/www.rosentalfestival.com\/sl\/wp-json\/wp\/v2\/pages\/261\/revisions"}],"predecessor-version":[{"id":337,"href":"https:\/\/www.rosentalfestival.com\/sl\/wp-json\/wp\/v2\/pages\/261\/revisions\/337"}],"wp:attachment":[{"href":"https:\/\/www.rosentalfestival.com\/sl\/wp-json\/wp\/v2\/media?parent=261"}],"curies":[{"name":"wp","href":"https:\/\/api.w.org\/{rel}","templated":true}]}}